{"id":9,"date":"2023-01-27T02:07:41","date_gmt":"2023-01-27T02:07:41","guid":{"rendered":"https:\/\/blue-grouse-956982.hostingersite.com\/?page_id=9"},"modified":"2024-06-06T14:21:40","modified_gmt":"2024-06-06T14:21:40","slug":"nossa-historia","status":"publish","type":"page","link":"https:\/\/agoteira.com.br\/?page_id=9","title":{"rendered":"Nossa Hist\u00f3ria"},"content":{"rendered":"\t\t<div data-elementor-type=\"wp-page\" data-elementor-id=\"9\" class=\"elementor elementor-9\">\n\t\t\t\t\t\t<section class=\"elementor-section elementor-top-section elementor-element elementor-element-73c3881 elementor-section-boxed elementor-section-height-default elementor-section-height-default\" data-id=\"73c3881\" data-element_type=\"section\" data-e-type=\"section\">\n\t\t\t\t\t\t<div class=\"elementor-container elementor-column-gap-default\">\n\t\t\t\t\t<div class=\"elementor-column elementor-col-100 elementor-top-column elementor-element elementor-element-5b907f4\" data-id=\"5b907f4\" data-element_type=\"column\" data-e-type=\"column\">\n\t\t\t<div class=\"elementor-widget-wrap\">\n\t\t\t\t\t\t\t<\/div>\n\t\t<\/div>\n\t\t\t\t\t<\/div>\n\t\t<\/section>\n\t\t\t\t<section class=\"elementor-section elementor-top-section elementor-element elementor-element-0b906d1 elementor-section-boxed elementor-section-height-default elementor-section-height-default\" data-id=\"0b906d1\" data-element_type=\"section\" data-e-type=\"section\">\n\t\t\t\t\t\t<div class=\"elementor-container elementor-column-gap-default\">\n\t\t\t\t\t<div class=\"elementor-column elementor-col-100 elementor-top-column elementor-element elementor-element-13f1548\" data-id=\"13f1548\" data-element_type=\"column\" data-e-type=\"column\">\n\t\t\t<div class=\"elementor-widget-wrap elementor-element-populated\">\n\t\t\t\t\t\t<div class=\"elementor-element elementor-element-8cce572 elementor-widget elementor-widget-heading\" data-id=\"8cce572\" data-element_type=\"widget\" data-e-type=\"widget\" data-widget_type=\"heading.default\">\n\t\t\t\t<div class=\"elementor-widget-container\">\n\t\t\t\t\t<h1 class=\"elementor-heading-title elementor-size-default\">Nossa Hist\u00f3ria<\/h1>\t\t\t\t<\/div>\n\t\t\t\t<\/div>\n\t\t\t\t\t<\/div>\n\t\t<\/div>\n\t\t\t\t\t<\/div>\n\t\t<\/section>\n\t\t\t\t<section class=\"elementor-section elementor-top-section elementor-element elementor-element-07e7c3e elementor-section-boxed elementor-section-height-default elementor-section-height-default\" data-id=\"07e7c3e\" data-element_type=\"section\" data-e-type=\"section\">\n\t\t\t\t\t\t<div class=\"elementor-container elementor-column-gap-default\">\n\t\t\t\t\t<div class=\"elementor-column elementor-col-66 elementor-top-column elementor-element elementor-element-186160a\" data-id=\"186160a\" data-element_type=\"column\" data-e-type=\"column\">\n\t\t\t<div class=\"elementor-widget-wrap elementor-element-populated\">\n\t\t\t\t\t\t<div class=\"elementor-element elementor-element-c778880 elementor-widget elementor-widget-text-editor\" data-id=\"c778880\" data-element_type=\"widget\" data-e-type=\"widget\" data-widget_type=\"text-editor.default\">\n\t\t\t\t<div class=\"elementor-widget-container\">\n\t\t\t\t\t\t\t\t\t<p><span style=\"color: #000000;\"><strong>A Goteira<\/strong>\u00a0era o que n\u00e3o faltava na casa alugada por Pac\u00edfico Nogueira da Silva em Ribeir\u00e3o Preto, interior de S\u00e3o Paulo, quando se casou com Zulmira Laporte, em 1959. Dois meses depois da mudan\u00e7a para a nova resid\u00eancia, o casal recebeu a visita do dono do im\u00f3vel, que se espantou ao ver o telhado totalmente recuperado. N\u00e3o sabia que seu inquilino era um habilidoso expert em reparos dom\u00e9sticos. A hist\u00f3ria correu a cidade e choveram chamados para que Nogueira da Silva consertasse os telhados de outras casas. Logo ele era conhecido pelo apelido de Goteira, nome da empresa que abriria dez anos depois em S\u00e3o Paulo e que se tornou uma das mais conceituadas no ramo de reforma de telhados na capital paulista.<\/span><br \/><span style=\"color: #000000;\">O fundador da Goteira aprendeu os segredos do of\u00edcio em 1948, aos\u00a048 anos de idade, como ajudante de obras. Mesmo demonstrando talento no ramo da constru\u00e7\u00e3o, passou v\u00e1rios anos s\u00f3 fazendo \u201cbicos\u201d e atuando informalmente. Somente em 1969, j\u00e1 morando em S\u00e3o Paulo, Nogueira da Silva teve a id\u00e9ia de improvisar uma placa anunciando sua especialidade em reparos de telhados. O telefone usado para receber os pedidos de servi\u00e7os era de um despachante vizinho de sua casa, que tamb\u00e9m se encarregava de preparar os or\u00e7amentos. \u201cEu n\u00e3o sabia dar pre\u00e7o\u201d, lembra o empreendedor. O neg\u00f3cio prosperou tanto que, hoje, a Goteira ocupa uma \u00e1rea de 3 mil m2 no bairro da Vila Mariana.<\/span><br \/><span style=\"color: #000000;\">Com faturamento variando de 30 a 40 mil reais mensais, A Goteira chega a dobrar sua receita em per\u00edodos chuvosos, quando recebe at\u00e9 50 chamados por dia. A aten\u00e7\u00e3o e o capricho com que o empreendedor cuida dos telhados dos clientes podem ser considerados o segredo do sucesso do neg\u00f3cio, que come\u00e7ou informalmente na resid\u00eancia da fam\u00edlia Nogueira da Silva. \u201cHoje, reparamos servi\u00e7os malfeitos de outras empresas, oferecemos laudos t\u00e9cnicos e damos garantia de at\u00e9 cinco anos\u201d, explica Rover, filho e sucessor de Pac\u00edfico Nogueira da Silva no comando da empresa.<\/span><br \/><span style=\"color: #000000;\">Com curso t\u00e9cnico de arquitetura e formado em desenho industria, Rover \u00e9 o fiscal de obras da Goteira. O rigor come\u00e7a na sele\u00e7\u00e3o dos funcion\u00e1rios. \u201cO t\u00e9cnico telhadista precisa saber andar como um gato sobre o telhado. Pelo jeito de caminhar do candidato, sei se ele serve ou n\u00e3o\u201d, diz o empres\u00e1rio, que aprendeu com o pai muito do que sabe na pr\u00e1tica. Ele tamb\u00e9m \u00e9 encarregado de estar sempre em dia com as novas tecnologias e materiais de constru\u00e7\u00e3o. Faz cursos nas empresas fornecedoras e repassa as novidades para os 19 funcion\u00e1rios.<\/span><br \/><br \/><\/p>\t\t\t\t\t\t\t\t<\/div>\n\t\t\t\t<\/div>\n\t\t\t\t\t<\/div>\n\t\t<\/div>\n\t\t\t\t<div class=\"elementor-column elementor-col-33 elementor-top-column elementor-element elementor-element-ec185d8\" data-id=\"ec185d8\" data-element_type=\"column\" data-e-type=\"column\">\n\t\t\t<div class=\"elementor-widget-wrap elementor-element-populated\">\n\t\t\t\t\t\t<div class=\"elementor-element elementor-element-7649280 elementor-widget elementor-widget-image\" data-id=\"7649280\" data-element_type=\"widget\" data-e-type=\"widget\" data-widget_type=\"image.default\">\n\t\t\t\t<div class=\"elementor-widget-container\">\n\t\t\t\t\t\t\t\t\t\t\t\t\t\t\t<img decoding=\"async\" width=\"300\" height=\"150\" src=\"https:\/\/agoteira.com.br\/wp-content\/uploads\/2023\/01\/2.jpg\" class=\"attachment-large size-large wp-image-33\" alt=\"\" \/>\t\t\t\t\t\t\t\t\t\t\t\t\t\t\t<\/div>\n\t\t\t\t<\/div>\n\t\t\t\t\t<\/div>\n\t\t<\/div>\n\t\t\t\t\t<\/div>\n\t\t<\/section>\n\t\t\t\t<section class=\"elementor-section elementor-top-section elementor-element elementor-element-ce25e5b elementor-section-boxed elementor-section-height-default elementor-section-height-default\" data-id=\"ce25e5b\" data-element_type=\"section\" data-e-type=\"section\">\n\t\t\t\t\t\t<div class=\"elementor-container elementor-column-gap-default\">\n\t\t\t\t\t<div class=\"elementor-column elementor-col-100 elementor-top-column elementor-element elementor-element-b82dbee\" data-id=\"b82dbee\" data-element_type=\"column\" data-e-type=\"column\">\n\t\t\t<div class=\"elementor-widget-wrap elementor-element-populated\">\n\t\t\t\t\t\t<div class=\"elementor-element elementor-element-c1fd669 elementor-widget-divider--view-line elementor-widget elementor-widget-divider\" data-id=\"c1fd669\" data-element_type=\"widget\" data-e-type=\"widget\" data-widget_type=\"divider.default\">\n\t\t\t\t<div class=\"elementor-widget-container\">\n\t\t\t\t\t\t\t<div class=\"elementor-divider\">\n\t\t\t<span class=\"elementor-divider-separator\">\n\t\t\t\t\t\t<\/span>\n\t\t<\/div>\n\t\t\t\t\t\t<\/div>\n\t\t\t\t<\/div>\n\t\t\t\t\t<\/div>\n\t\t<\/div>\n\t\t\t\t\t<\/div>\n\t\t<\/section>\n\t\t\t\t<\/div>\n\t\t","protected":false},"excerpt":{"rendered":"<p>Nossa Hist\u00f3ria A Goteira\u00a0era o que n\u00e3o faltava na casa alugada por Pac\u00edfico Nogueira da Silva em Ribeir\u00e3o Preto, interior de S\u00e3o Paulo, quando se casou com Zulmira Laporte, em 1959. Dois meses depois da mudan\u00e7a para a nova resid\u00eancia, o casal recebeu a visita do dono do im\u00f3vel, que se espantou ao ver o [&hellip;]<\/p>\n","protected":false},"author":1,"featured_media":0,"parent":0,"menu_order":0,"comment_status":"closed","ping_status":"closed","template":"","meta":{"site-sidebar-layout":"no-sidebar","site-content-layout":"page-builder","ast-site-content-layout":"default","site-content-style":"default","site-sidebar-style":"default","ast-global-header-display":"","ast-banner-title-visibility":"","ast-main-header-display":"","ast-hfb-above-header-display":"","ast-hfb-below-header-display":"","ast-hfb-mobile-header-display":"","site-post-title":"disabled","ast-breadcrumbs-content":"","ast-featured-img":"disabled","footer-sml-layout":"","ast-disable-related-posts":"","theme-transparent-header-meta":"","adv-header-id-meta":"","stick-header-meta":"","header-above-stick-meta":"","header-main-stick-meta":"","header-below-stick-meta":"","astra-migrate-meta-layouts":"default","ast-page-background-enabled":"default","ast-page-background-meta":{"desktop":{"background-color":"var(--ast-global-color-4)","background-image":"","background-repeat":"repeat","background-position":"center center","background-size":"auto","background-attachment":"scroll","background-type":"","background-media":"","overlay-type":"","overlay-color":"","overlay-opacity":"","overlay-gradient":""},"tablet":{"background-color":"","background-image":"","background-repeat":"repeat","background-position":"center center","background-size":"auto","background-attachment":"scroll","background-type":"","background-media":"","overlay-type":"","overlay-color":"","overlay-opacity":"","overlay-gradient":""},"mobile":{"background-color":"","background-image":"","background-repeat":"repeat","background-position":"center center","background-size":"auto","background-attachment":"scroll","background-type":"","background-media":"","overlay-type":"","overlay-color":"","overlay-opacity":"","overlay-gradient":""}},"ast-content-background-meta":{"desktop":{"background-color":"var(--ast-global-color-5)","background-image":"","background-repeat":"repeat","background-position":"center center","background-size":"auto","background-attachment":"scroll","background-type":"","background-media":"","overlay-type":"","overlay-color":"","overlay-opacity":"","overlay-gradient":""},"tablet":{"background-color":"var(--ast-global-color-5)","background-image":"","background-repeat":"repeat","background-position":"center center","background-size":"auto","background-attachment":"scroll","background-type":"","background-media":"","overlay-type":"","overlay-color":"","overlay-opacity":"","overlay-gradient":""},"mobile":{"background-color":"var(--ast-global-color-5)","background-image":"","background-repeat":"repeat","background-position":"center center","background-size":"auto","background-attachment":"scroll","background-type":"","background-media":"","overlay-type":"","overlay-color":"","overlay-opacity":"","overlay-gradient":""}},"footnotes":""},"class_list":["post-9","page","type-page","status-publish","hentry"],"_hostinger_reach_plugin_has_subscription_block":false,"_hostinger_reach_plugin_is_elementor":false,"_links":{"self":[{"href":"https:\/\/agoteira.com.br\/index.php?rest_route=\/wp\/v2\/pages\/9","targetHints":{"allow":["GET"]}}],"collection":[{"href":"https:\/\/agoteira.com.br\/index.php?rest_route=\/wp\/v2\/pages"}],"about":[{"href":"https:\/\/agoteira.com.br\/index.php?rest_route=\/wp\/v2\/types\/page"}],"author":[{"embeddable":true,"href":"https:\/\/agoteira.com.br\/index.php?rest_route=\/wp\/v2\/users\/1"}],"replies":[{"embeddable":true,"href":"https:\/\/agoteira.com.br\/index.php?rest_route=%2Fwp%2Fv2%2Fcomments&post=9"}],"version-history":[{"count":10,"href":"https:\/\/agoteira.com.br\/index.php?rest_route=\/wp\/v2\/pages\/9\/revisions"}],"predecessor-version":[{"id":110,"href":"https:\/\/agoteira.com.br\/index.php?rest_route=\/wp\/v2\/pages\/9\/revisions\/110"}],"wp:attachment":[{"href":"https:\/\/agoteira.com.br\/index.php?rest_route=%2Fwp%2Fv2%2Fmedia&parent=9"}],"curies":[{"name":"wp","href":"https:\/\/api.w.org\/{rel}","templated":true}]}}