{"id":11,"date":"2023-01-27T02:07:55","date_gmt":"2023-01-27T02:07:55","guid":{"rendered":"https:\/\/blue-grouse-956982.hostingersite.com\/?page_id=11"},"modified":"2023-01-27T04:30:03","modified_gmt":"2023-01-27T04:30:03","slug":"servicos","status":"publish","type":"page","link":"https:\/\/agoteira.com.br\/?page_id=11","title":{"rendered":"Servi\u00e7os"},"content":{"rendered":"\t\t<div data-elementor-type=\"wp-page\" data-elementor-id=\"11\" class=\"elementor elementor-11\">\n\t\t\t\t\t\t<section class=\"elementor-section elementor-top-section elementor-element elementor-element-58986cb elementor-section-boxed elementor-section-height-default elementor-section-height-default\" data-id=\"58986cb\" data-element_type=\"section\" data-e-type=\"section\">\n\t\t\t\t\t\t<div class=\"elementor-container elementor-column-gap-default\">\n\t\t\t\t\t<div class=\"elementor-column elementor-col-100 elementor-top-column elementor-element elementor-element-256761f\" data-id=\"256761f\" data-element_type=\"column\" data-e-type=\"column\">\n\t\t\t<div class=\"elementor-widget-wrap elementor-element-populated\">\n\t\t\t\t\t\t<div class=\"elementor-element elementor-element-bd863f5 elementor-widget-divider--view-line elementor-widget elementor-widget-divider\" data-id=\"bd863f5\" data-element_type=\"widget\" data-e-type=\"widget\" data-widget_type=\"divider.default\">\n\t\t\t\t<div class=\"elementor-widget-container\">\n\t\t\t\t\t\t\t<div class=\"elementor-divider\">\n\t\t\t<span class=\"elementor-divider-separator\">\n\t\t\t\t\t\t<\/span>\n\t\t<\/div>\n\t\t\t\t\t\t<\/div>\n\t\t\t\t<\/div>\n\t\t\t\t\t<\/div>\n\t\t<\/div>\n\t\t\t\t\t<\/div>\n\t\t<\/section>\n\t\t\t\t<section class=\"elementor-section elementor-top-section elementor-element elementor-element-7a213fa elementor-section-boxed elementor-section-height-default elementor-section-height-default\" data-id=\"7a213fa\" data-element_type=\"section\" data-e-type=\"section\">\n\t\t\t\t\t\t<div class=\"elementor-container elementor-column-gap-default\">\n\t\t\t\t\t<div class=\"elementor-column elementor-col-100 elementor-top-column elementor-element elementor-element-21aafc0\" data-id=\"21aafc0\" data-element_type=\"column\" data-e-type=\"column\">\n\t\t\t<div class=\"elementor-widget-wrap elementor-element-populated\">\n\t\t\t\t\t\t<div class=\"elementor-element elementor-element-c2a98d9 elementor-widget elementor-widget-heading\" data-id=\"c2a98d9\" data-element_type=\"widget\" data-e-type=\"widget\" data-widget_type=\"heading.default\">\n\t\t\t\t<div class=\"elementor-widget-container\">\n\t\t\t\t\t<h1 class=\"elementor-heading-title elementor-size-default\">Servi\u00e7os<\/h1>\t\t\t\t<\/div>\n\t\t\t\t<\/div>\n\t\t\t\t\t<\/div>\n\t\t<\/div>\n\t\t\t\t\t<\/div>\n\t\t<\/section>\n\t\t\t\t<section class=\"elementor-section elementor-top-section elementor-element elementor-element-63a743e elementor-section-boxed elementor-section-height-default elementor-section-height-default\" data-id=\"63a743e\" data-element_type=\"section\" data-e-type=\"section\">\n\t\t\t\t\t\t<div class=\"elementor-container elementor-column-gap-default\">\n\t\t\t\t\t<div class=\"elementor-column elementor-col-66 elementor-top-column elementor-element elementor-element-758b475\" data-id=\"758b475\" data-element_type=\"column\" data-e-type=\"column\">\n\t\t\t<div class=\"elementor-widget-wrap elementor-element-populated\">\n\t\t\t\t\t\t<div class=\"elementor-element elementor-element-6f80256 elementor-widget elementor-widget-text-editor\" data-id=\"6f80256\" data-element_type=\"widget\" data-e-type=\"widget\" data-widget_type=\"text-editor.default\">\n\t\t\t\t<div class=\"elementor-widget-container\">\n\t\t\t\t\t\t\t\t\t<p><span style=\"color: #000000;\">Com a ado\u00e7\u00e3o de materiais e t\u00e9cnicas de \u00faltima gera\u00e7\u00e3o, a Goteira brinda a seus clientes com um servi\u00e7o r\u00e1pido e eficiente, dentro das normas de seguran\u00e7a exigidas.<\/span><\/p><ul><li><span style=\"color: #000000;\">Constru\u00e7\u00e3o e Reformas de Telhados;<\/span><br \/><span style=\"color: #000000;\">\u2022 Telhados Industriais;<\/span><br \/><span style=\"color: #000000;\">\u2022 Coberturas de edif\u00edcios comerciais ou residenciais;<\/span><br \/><span style=\"color: #000000;\">\u2022 Recupera\u00e7\u00e3o e restaura\u00e7\u00e3o de cobertuars antigas;<\/span><br \/><span style=\"color: #000000;\">\u2022 Cria\u00e7\u00e3o de Projetos Especiais;<\/span><br \/><span style=\"color: #000000;\">\u2022 Isolamento T\u00e9rmico<\/span><br \/><span style=\"color: #000000;\">\u2022 Forros e Beirais<\/span><br \/><br \/><\/li><\/ul><h4><span style=\"color: #000000;\">Solicite um orcamento<\/span><\/h4><p>\u00a0<\/p><p><span style=\"color: #000000;\">Nossos projetos s\u00e3o apresentados atrav\u00e9s de or\u00e7amentos detalhados, sem compromisso, atendendo a todo o territ\u00f3rio nacional.<\/span><br \/><span style=\"color: #000000;\">Em nossa lista de clientes destacam-se grandes empresas, condom\u00ednios de alto n\u00edvel, personalidades do meio art\u00edstico e emnpresarial, bem como \u00f3rg\u00e3os p\u00fablicos e setores das for\u00e7as armadas, enfim, clientes que se preocupam com a qualidade, a seguran\u00e7a, o acabamento e a efici\u00eancia na execu\u00e7\u00e3o de seus servi\u00e7os.<\/span><\/p><p><span style=\"color: #000000;\">Todos os servi\u00e7os contam com certificado de garantia, atestando a excel\u00eancia de sua execu\u00e7\u00e3o.<\/span><\/p>\t\t\t\t\t\t\t\t<\/div>\n\t\t\t\t<\/div>\n\t\t\t\t\t<\/div>\n\t\t<\/div>\n\t\t\t\t<div class=\"elementor-column elementor-col-33 elementor-top-column elementor-element elementor-element-0d3b916\" data-id=\"0d3b916\" data-element_type=\"column\" data-e-type=\"column\">\n\t\t\t<div class=\"elementor-widget-wrap\">\n\t\t\t\t\t\t\t<\/div>\n\t\t<\/div>\n\t\t\t\t\t<\/div>\n\t\t<\/section>\n\t\t\t\t<section class=\"elementor-section elementor-top-section elementor-element elementor-element-87a92a6 elementor-section-boxed elementor-section-height-default elementor-section-height-default\" data-id=\"87a92a6\" data-element_type=\"section\" data-e-type=\"section\">\n\t\t\t\t\t\t<div class=\"elementor-container elementor-column-gap-default\">\n\t\t\t\t\t<div class=\"elementor-column elementor-col-100 elementor-top-column elementor-element elementor-element-3e5324f\" data-id=\"3e5324f\" data-element_type=\"column\" data-e-type=\"column\">\n\t\t\t<div class=\"elementor-widget-wrap elementor-element-populated\">\n\t\t\t\t\t\t<div class=\"elementor-element elementor-element-b8ac5fa elementor-widget-divider--view-line elementor-widget elementor-widget-divider\" data-id=\"b8ac5fa\" data-element_type=\"widget\" data-e-type=\"widget\" data-widget_type=\"divider.default\">\n\t\t\t\t<div class=\"elementor-widget-container\">\n\t\t\t\t\t\t\t<div class=\"elementor-divider\">\n\t\t\t<span class=\"elementor-divider-separator\">\n\t\t\t\t\t\t<\/span>\n\t\t<\/div>\n\t\t\t\t\t\t<\/div>\n\t\t\t\t<\/div>\n\t\t\t\t\t<\/div>\n\t\t<\/div>\n\t\t\t\t\t<\/div>\n\t\t<\/section>\n\t\t\t\t<\/div>\n\t\t","protected":false},"excerpt":{"rendered":"<p>Servi\u00e7os Com a ado\u00e7\u00e3o de materiais e t\u00e9cnicas de \u00faltima gera\u00e7\u00e3o, a Goteira brinda a seus clientes com um servi\u00e7o r\u00e1pido e eficiente, dentro das normas de seguran\u00e7a exigidas. Constru\u00e7\u00e3o e Reformas de Telhados;\u2022 Telhados Industriais;\u2022 Coberturas de edif\u00edcios comerciais ou residenciais;\u2022 Recupera\u00e7\u00e3o e restaura\u00e7\u00e3o de cobertuars antigas;\u2022 Cria\u00e7\u00e3o de Projetos Especiais;\u2022 Isolamento T\u00e9rmico\u2022 Forros [&hellip;]<\/p>\n","protected":false},"author":1,"featured_media":0,"parent":0,"menu_order":0,"comment_status":"closed","ping_status":"closed","template":"","meta":{"site-sidebar-layout":"no-sidebar","site-content-layout":"page-builder","ast-site-content-layout":"default","site-content-style":"default","site-sidebar-style":"default","ast-global-header-display":"","ast-banner-title-visibility":"","ast-main-header-display":"","ast-hfb-above-header-display":"","ast-hfb-below-header-display":"","ast-hfb-mobile-header-display":"","site-post-title":"disabled","ast-breadcrumbs-content":"","ast-featured-img":"disabled","footer-sml-layout":"","ast-disable-related-posts":"","theme-transparent-header-meta":"","adv-header-id-meta":"","stick-header-meta":"","header-above-stick-meta":"","header-main-stick-meta":"","header-below-stick-meta":"","astra-migrate-meta-layouts":"default","ast-page-background-enabled":"default","ast-page-background-meta":{"desktop":{"background-color":"var(--ast-global-color-4)","background-image":"","background-repeat":"repeat","background-position":"center center","background-size":"auto","background-attachment":"scroll","background-type":"","background-media":"","overlay-type":"","overlay-color":"","overlay-opacity":"","overlay-gradient":""},"tablet":{"background-color":"","background-image":"","background-repeat":"repeat","background-position":"center center","background-size":"auto","background-attachment":"scroll","background-type":"","background-media":"","overlay-type":"","overlay-color":"","overlay-opacity":"","overlay-gradient":""},"mobile":{"background-color":"","background-image":"","background-repeat":"repeat","background-position":"center center","background-size":"auto","background-attachment":"scroll","background-type":"","background-media":"","overlay-type":"","overlay-color":"","overlay-opacity":"","overlay-gradient":""}},"ast-content-background-meta":{"desktop":{"background-color":"var(--ast-global-color-5)","background-image":"","background-repeat":"repeat","background-position":"center center","background-size":"auto","background-attachment":"scroll","background-type":"","background-media":"","overlay-type":"","overlay-color":"","overlay-opacity":"","overlay-gradient":""},"tablet":{"background-color":"var(--ast-global-color-5)","background-image":"","background-repeat":"repeat","background-position":"center center","background-size":"auto","background-attachment":"scroll","background-type":"","background-media":"","overlay-type":"","overlay-color":"","overlay-opacity":"","overlay-gradient":""},"mobile":{"background-color":"var(--ast-global-color-5)","background-image":"","background-repeat":"repeat","background-position":"center center","background-size":"auto","background-attachment":"scroll","background-type":"","background-media":"","overlay-type":"","overlay-color":"","overlay-opacity":"","overlay-gradient":""}},"footnotes":""},"class_list":["post-11","page","type-page","status-publish","hentry"],"_hostinger_reach_plugin_has_subscription_block":false,"_hostinger_reach_plugin_is_elementor":false,"_links":{"self":[{"href":"https:\/\/agoteira.com.br\/index.php?rest_route=\/wp\/v2\/pages\/11","targetHints":{"allow":["GET"]}}],"collection":[{"href":"https:\/\/agoteira.com.br\/index.php?rest_route=\/wp\/v2\/pages"}],"about":[{"href":"https:\/\/agoteira.com.br\/index.php?rest_route=\/wp\/v2\/types\/page"}],"author":[{"embeddable":true,"href":"https:\/\/agoteira.com.br\/index.php?rest_route=\/wp\/v2\/users\/1"}],"replies":[{"embeddable":true,"href":"https:\/\/agoteira.com.br\/index.php?rest_route=%2Fwp%2Fv2%2Fcomments&post=11"}],"version-history":[{"count":4,"href":"https:\/\/agoteira.com.br\/index.php?rest_route=\/wp\/v2\/pages\/11\/revisions"}],"predecessor-version":[{"id":49,"href":"https:\/\/agoteira.com.br\/index.php?rest_route=\/wp\/v2\/pages\/11\/revisions\/49"}],"wp:attachment":[{"href":"https:\/\/agoteira.com.br\/index.php?rest_route=%2Fwp%2Fv2%2Fmedia&parent=11"}],"curies":[{"name":"wp","href":"https:\/\/api.w.org\/{rel}","templated":true}]}}